{"id":545,"date":"2024-07-02T20:40:56","date_gmt":"2024-07-02T18:40:56","guid":{"rendered":"https:\/\/cafqi2025.uncoma.edu.ar\/?page_id=545"},"modified":"2024-12-16T11:43:29","modified_gmt":"2024-12-16T14:43:29","slug":"comite-cientifico","status":"publish","type":"page","link":"https:\/\/cafqi2025.uncoma.edu.ar\/index.php\/comite-cientifico\/","title":{"rendered":"Comit\u00e9 Cient\u00edfico"},"content":{"rendered":"\t\t<div data-elementor-type=\"wp-page\" data-elementor-id=\"545\" class=\"elementor elementor-545\" data-elementor-post-type=\"page\">\n\t\t\t\t<div class=\"elementor-element elementor-element-62a44cd e-flex e-con-boxed e-con e-parent\" data-id=\"62a44cd\" data-element_type=\"container\" data-e-type=\"container\">\n\t\t\t\t\t<div class=\"e-con-inner\">\n\t\t\t\t<div class=\"elementor-element elementor-element-6bf1298 elementor-widget-divider--view-line elementor-widget elementor-widget-divider\" data-id=\"6bf1298\" data-element_type=\"widget\" data-e-type=\"widget\" data-widget_type=\"divider.default\">\n\t\t\t\t<div class=\"elementor-widget-container\">\n\t\t\t\t\t\t\t<div class=\"elementor-divider\">\n\t\t\t<span class=\"elementor-divider-separator\">\n\t\t\t\t\t\t<\/span>\n\t\t<\/div>\n\t\t\t\t\t\t<\/div>\n\t\t\t\t<\/div>\n\t\t\t\t<div class=\"elementor-element elementor-element-e8b3a85 elementor-widget elementor-widget-heading\" data-id=\"e8b3a85\" data-element_type=\"widget\" data-e-type=\"widget\" data-widget_type=\"heading.default\">\n\t\t\t\t<div class=\"elementor-widget-container\">\n\t\t\t\t\t<h2 class=\"elementor-heading-title elementor-size-default\">Presidente<\/h2>\t\t\t\t<\/div>\n\t\t\t\t<\/div>\n\t\t\t\t<div class=\"elementor-element elementor-element-24298ff elementor-widget elementor-widget-text-editor\" data-id=\"24298ff\" data-element_type=\"widget\" data-e-type=\"widget\" data-widget_type=\"text-editor.default\">\n\t\t\t\t<div class=\"elementor-widget-container\">\n\t\t\t\t\t\t\t\t\t<p>Dr. Gustavo Pino<\/p>\t\t\t\t\t\t\t\t<\/div>\n\t\t\t\t<\/div>\n\t\t\t\t<div class=\"elementor-element elementor-element-11f47d6 elementor-widget-divider--view-line elementor-widget elementor-widget-divider\" data-id=\"11f47d6\" data-element_type=\"widget\" data-e-type=\"widget\" data-widget_type=\"divider.default\">\n\t\t\t\t<div class=\"elementor-widget-container\">\n\t\t\t\t\t\t\t<div class=\"elementor-divider\">\n\t\t\t<span class=\"elementor-divider-separator\">\n\t\t\t\t\t\t<\/span>\n\t\t<\/div>\n\t\t\t\t\t\t<\/div>\n\t\t\t\t<\/div>\n\t\t\t\t\t<\/div>\n\t\t\t\t<\/div>\n\t\t<div class=\"elementor-element elementor-element-d55e9fc e-grid e-con-full e-con e-parent\" data-id=\"d55e9fc\" data-element_type=\"container\" data-e-type=\"container\">\n\t\t\t\t<div class=\"elementor-element elementor-element-7d5923b elementor-widget elementor-widget-text-editor\" data-id=\"7d5923b\" data-element_type=\"widget\" data-e-type=\"widget\" data-widget_type=\"text-editor.default\">\n\t\t\t\t<div class=\"elementor-widget-container\">\n\t\t\t\t\t\t\t\t\t<p><strong>Delegaci\u00f3n RIO CUARTO<\/strong><\/p><ul><li><span style=\"font-weight: 400;\">Dra. Mar\u00eda Alejandra Molina<\/span><\/li><\/ul><ul><li><span style=\"font-weight: 400;\">Dr. <\/span>Fernando Moyano<\/li><\/ul>\t\t\t\t\t\t\t\t<\/div>\n\t\t\t\t<\/div>\n\t\t\t\t<div class=\"elementor-element elementor-element-5371a1a elementor-widget elementor-widget-text-editor\" data-id=\"5371a1a\" data-element_type=\"widget\" data-e-type=\"widget\" data-widget_type=\"text-editor.default\">\n\t\t\t\t<div class=\"elementor-widget-container\">\n\t\t\t\t\t\t\t\t\t<p><strong>Delegaci\u00f3n\u00a0 SANTIAGO DEL ESTERO<\/strong><\/p><ul><li><span style=\"font-weight: 400;\">Dra. Ana Ledesma<\/span><\/li><\/ul>\t\t\t\t\t\t\t\t<\/div>\n\t\t\t\t<\/div>\n\t\t\t\t<div class=\"elementor-element elementor-element-fe3a330 elementor-widget elementor-widget-text-editor\" data-id=\"fe3a330\" data-element_type=\"widget\" data-e-type=\"widget\" data-widget_type=\"text-editor.default\">\n\t\t\t\t<div class=\"elementor-widget-container\">\n\t\t\t\t\t\t\t\t\t<p><b>Delegaci\u00f3n INFIQC &#8211; C\u00d3RDOBA<\/b><\/p><ul><li><span style=\"font-weight: 400;\">Dra. Mariana Fern\u00e1ndez<\/span><\/li><li><span style=\"font-weight: 400;\">Dr. Fernando Garay<\/span><\/li><\/ul>\t\t\t\t\t\t\t\t<\/div>\n\t\t\t\t<\/div>\n\t\t\t\t<div class=\"elementor-element elementor-element-9443ff5 elementor-widget elementor-widget-text-editor\" data-id=\"9443ff5\" data-element_type=\"widget\" data-e-type=\"widget\" data-widget_type=\"text-editor.default\">\n\t\t\t\t<div class=\"elementor-widget-container\">\n\t\t\t\t\t\t\t\t\t<p><b>Delegaci\u00f3n ROSARIO<\/b><\/p><ul><li><p><span style=\"font-weight: 400;\">Dra. Sandra Signorella<\/span><\/p><\/li><\/ul>\t\t\t\t\t\t\t\t<\/div>\n\t\t\t\t<\/div>\n\t\t\t\t<div class=\"elementor-element elementor-element-8a62834 elementor-widget elementor-widget-text-editor\" data-id=\"8a62834\" data-element_type=\"widget\" data-e-type=\"widget\" data-widget_type=\"text-editor.default\">\n\t\t\t\t<div class=\"elementor-widget-container\">\n\t\t\t\t\t\t\t\t\t<p><b>Delegaci\u00f3n MISIONES<\/b><\/p><ul><li><p><span style=\"font-weight: 400;\">Dra. Alicia Ares<\/span><\/p><\/li><\/ul>\t\t\t\t\t\t\t\t<\/div>\n\t\t\t\t<\/div>\n\t\t\t\t<div class=\"elementor-element elementor-element-5b79419 elementor-widget elementor-widget-text-editor\" data-id=\"5b79419\" data-element_type=\"widget\" data-e-type=\"widget\" data-widget_type=\"text-editor.default\">\n\t\t\t\t<div class=\"elementor-widget-container\">\n\t\t\t\t\t\t\t\t\t<p><b>Delegaci\u00f3n NORDESTE<\/b><\/p><ul><li><span style=\"font-weight: 400;\">Dr .Jorge Dar\u00edo Duarte<\/span><\/li><li><span style=\"font-weight: 400;\">Dr. Juan Jos\u00e9 Mart\u00ednez Medina<\/span><\/li><\/ul>\t\t\t\t\t\t\t\t<\/div>\n\t\t\t\t<\/div>\n\t\t\t\t<div class=\"elementor-element elementor-element-bc4982b elementor-widget elementor-widget-text-editor\" data-id=\"bc4982b\" data-element_type=\"widget\" data-e-type=\"widget\" data-widget_type=\"text-editor.default\">\n\t\t\t\t<div class=\"elementor-widget-container\">\n\t\t\t\t\t\t\t\t\t<p><b>Delegaci\u00f3n CNEA \u2013 CONSTITUYENTES<\/b><\/p><ul><li><span style=\"font-weight: 400;\">Dra. Natalia Quici<\/span><\/li><\/ul><ul><li><span style=\"font-weight: 400;\">Dra. <\/span>Andrea Ver\u00f3nica Bordoni<\/li><\/ul>\t\t\t\t\t\t\t\t<\/div>\n\t\t\t\t<\/div>\n\t\t\t\t<div class=\"elementor-element elementor-element-3b75184 elementor-widget elementor-widget-text-editor\" data-id=\"3b75184\" data-element_type=\"widget\" data-e-type=\"widget\" data-widget_type=\"text-editor.default\">\n\t\t\t\t<div class=\"elementor-widget-container\">\n\t\t\t\t\t\t\t\t\t<p><b>Delegaci\u00f3n TUCUM\u00c1N<\/b><\/p><ul><li><p><span style=\"font-weight: 400;\">Dra. Florencia Fagalde<\/span><\/p><\/li><\/ul>\t\t\t\t\t\t\t\t<\/div>\n\t\t\t\t<\/div>\n\t\t\t\t<div class=\"elementor-element elementor-element-a825dce elementor-widget elementor-widget-text-editor\" data-id=\"a825dce\" data-element_type=\"widget\" data-e-type=\"widget\" data-widget_type=\"text-editor.default\">\n\t\t\t\t<div class=\"elementor-widget-container\">\n\t\t\t\t\t\t\t\t\t<p><b>Delegaci\u00f3n BAH\u00cdA BLANCA<\/b><\/p><ul><li><p><span style=\"font-weight: 400;\">Dra. Cintia Soledad Terny<\/span><\/p><\/li><\/ul>\t\t\t\t\t\t\t\t<\/div>\n\t\t\t\t<\/div>\n\t\t\t\t<div class=\"elementor-element elementor-element-9eb0b20 elementor-widget elementor-widget-text-editor\" data-id=\"9eb0b20\" data-element_type=\"widget\" data-e-type=\"widget\" data-widget_type=\"text-editor.default\">\n\t\t\t\t<div class=\"elementor-widget-container\">\n\t\t\t\t\t\t\t\t\t<p><b>Delegaci\u00f3n INIFTA \u2013 LA PLATA<\/b><\/p><ul><li><span style=\"font-weight: 400;\">Dra. Mar\u00eda Paula Badenes<\/span><\/li><li><span style=\"font-weight: 400;\">Dra. Mar\u00eda Laura Dantola<\/span><\/li><\/ul>\t\t\t\t\t\t\t\t<\/div>\n\t\t\t\t<\/div>\n\t\t\t\t<div class=\"elementor-element elementor-element-f71a7cc elementor-widget elementor-widget-text-editor\" data-id=\"f71a7cc\" data-element_type=\"widget\" data-e-type=\"widget\" data-widget_type=\"text-editor.default\">\n\t\t\t\t<div class=\"elementor-widget-container\">\n\t\t\t\t\t\t\t\t\t<p><b>Delegaci\u00f3n CEQUINOR \u2013 LA PLATA<\/b><\/p><ul><li><p><span style=\"font-weight: 400;\">Dra. Lorena Picone<\/span><\/p><\/li><\/ul>\t\t\t\t\t\t\t\t<\/div>\n\t\t\t\t<\/div>\n\t\t\t\t<div class=\"elementor-element elementor-element-3396b9c elementor-widget elementor-widget-text-editor\" data-id=\"3396b9c\" data-element_type=\"widget\" data-e-type=\"widget\" data-widget_type=\"text-editor.default\">\n\t\t\t\t<div class=\"elementor-widget-container\">\n\t\t\t\t\t\t\t\t\t<p><b>Delegaci\u00f3n SAN LUIS<\/b><\/p><ul><li><span style=\"font-weight: 400;\">Dr. Carlos L\u00f3pez<\/span><\/li><li><span style=\"font-weight: 400;\">Dra. Paulina Monta\u00f1a<\/span><\/li><\/ul>\t\t\t\t\t\t\t\t<\/div>\n\t\t\t\t<\/div>\n\t\t\t\t<div class=\"elementor-element elementor-element-e176936 elementor-widget elementor-widget-text-editor\" data-id=\"e176936\" data-element_type=\"widget\" data-e-type=\"widget\" data-widget_type=\"text-editor.default\">\n\t\t\t\t<div class=\"elementor-widget-container\">\n\t\t\t\t\t\t\t\t\t<p><b>Delegaci\u00f3n \u00a0FCEN &#8211; UBA<\/b><\/p><ul><li>Dra. Beatriz Barja<\/li><li>Dr. Ezequiel De la Valle<\/li><\/ul>\t\t\t\t\t\t\t\t<\/div>\n\t\t\t\t<\/div>\n\t\t\t\t<\/div>\n\t\t\t\t<\/div>\n\t\t","protected":false},"excerpt":{"rendered":"<p>Presidente Dr. Gustavo Pino Delegaci\u00f3n RIO CUARTO Dra. Mar\u00eda Alejandra Molina Dr. Fernando Moyano Delegaci\u00f3n\u00a0 SANTIAGO DEL ESTERO Dra. Ana Ledesma Delegaci\u00f3n INFIQC &#8211; C\u00d3RDOBA Dra. Mariana Fern\u00e1ndez Dr. Fernando Garay Delegaci\u00f3n ROSARIO Dra. Sandra Signorella Delegaci\u00f3n MISIONES Dra. Alicia Ares Delegaci\u00f3n NORDESTE Dr .Jorge Dar\u00edo Duarte Dr. Juan Jos\u00e9 Mart\u00ednez Medina Delegaci\u00f3n CNEA \u2013 [&hellip;]<\/p>\n","protected":false},"author":1,"featured_media":1631,"parent":0,"menu_order":0,"comment_status":"closed","ping_status":"closed","template":"","meta":{"_acf_changed":false,"footnotes":""},"class_list":["post-545","page","type-page","status-publish","has-post-thumbnail","hentry"],"acf":[],"_links":{"self":[{"href":"https:\/\/cafqi2025.uncoma.edu.ar\/index.php\/wp-json\/wp\/v2\/pages\/545","targetHints":{"allow":["GET"]}}],"collection":[{"href":"https:\/\/cafqi2025.uncoma.edu.ar\/index.php\/wp-json\/wp\/v2\/pages"}],"about":[{"href":"https:\/\/cafqi2025.uncoma.edu.ar\/index.php\/wp-json\/wp\/v2\/types\/page"}],"author":[{"embeddable":true,"href":"https:\/\/cafqi2025.uncoma.edu.ar\/index.php\/wp-json\/wp\/v2\/users\/1"}],"replies":[{"embeddable":true,"href":"https:\/\/cafqi2025.uncoma.edu.ar\/index.php\/wp-json\/wp\/v2\/comments?post=545"}],"version-history":[{"count":53,"href":"https:\/\/cafqi2025.uncoma.edu.ar\/index.php\/wp-json\/wp\/v2\/pages\/545\/revisions"}],"predecessor-version":[{"id":2274,"href":"https:\/\/cafqi2025.uncoma.edu.ar\/index.php\/wp-json\/wp\/v2\/pages\/545\/revisions\/2274"}],"wp:featuredmedia":[{"embeddable":true,"href":"https:\/\/cafqi2025.uncoma.edu.ar\/index.php\/wp-json\/wp\/v2\/media\/1631"}],"wp:attachment":[{"href":"https:\/\/cafqi2025.uncoma.edu.ar\/index.php\/wp-json\/wp\/v2\/media?parent=545"}],"curies":[{"name":"wp","href":"https:\/\/api.w.org\/{rel}","templated":true}]}}