{"id":3897,"date":"2025-04-25T11:26:49","date_gmt":"2025-04-25T14:26:49","guid":{"rendered":"https:\/\/cafqi2025.uncoma.edu.ar\/?page_id=3897"},"modified":"2025-04-25T14:01:14","modified_gmt":"2025-04-25T17:01:14","slug":"reprogramacion-de-horarios-25-de-abril-de-2025","status":"publish","type":"page","link":"https:\/\/cafqi2025.uncoma.edu.ar\/index.php\/reprogramacion-de-horarios-25-de-abril-de-2025\/","title":{"rendered":"Acto de Cierre"},"content":{"rendered":"\t\t<div data-elementor-type=\"wp-page\" data-elementor-id=\"3897\" class=\"elementor elementor-3897\" data-elementor-post-type=\"page\">\n\t\t\t\t<div class=\"elementor-element elementor-element-7e44687 e-flex e-con-boxed e-con e-parent\" data-id=\"7e44687\" data-element_type=\"container\" data-e-type=\"container\">\n\t\t\t\t\t<div class=\"e-con-inner\">\n\t\t<div class=\"elementor-element elementor-element-3a100c1 e-con-full e-flex e-con e-child\" data-id=\"3a100c1\" data-element_type=\"container\" data-e-type=\"container\" data-settings=\"{&quot;background_background&quot;:&quot;gradient&quot;}\">\n\t\t\t\t<div class=\"elementor-element elementor-element-79d21c1 elementor-widget elementor-widget-heading\" data-id=\"79d21c1\" data-element_type=\"widget\" data-e-type=\"widget\" data-widget_type=\"heading.default\">\n\t\t\t\t<div class=\"elementor-widget-container\">\n\t\t\t\t\t<h2 class=\"elementor-heading-title elementor-size-default\">ATENCI\u00d3N<\/h2>\t\t\t\t<\/div>\n\t\t\t\t<\/div>\n\t\t\t\t<div class=\"elementor-element elementor-element-5a58583 elementor-position-left elementor-vertical-align-top elementor-widget elementor-widget-image-box\" data-id=\"5a58583\" data-element_type=\"widget\" data-e-type=\"widget\" data-widget_type=\"image-box.default\">\n\t\t\t\t<div class=\"elementor-widget-container\">\n\t\t\t\t\t<div class=\"elementor-image-box-wrapper\"><figure class=\"elementor-image-box-img\"><img fetchpriority=\"high\" decoding=\"async\" width=\"321\" height=\"335\" src=\"https:\/\/cafqi2025.uncoma.edu.ar\/wp-content\/uploads\/2024\/07\/8acc3592-icon-4.png\" class=\"attachment-full size-full wp-image-495\" alt=\"\" \/><\/figure><div class=\"elementor-image-box-content\"><h3 class=\"elementor-image-box-title\">ACTO DE CIERRE CAFQI XXIV<\/h3><p class=\"elementor-image-box-description\">El Comit\u00e9 Organizador del XXIV CAFQI los invita a participar del acto de cierre del Congreso. \n<br>Para ello, deber\u00e1s ingresar al siguiente enlace:<\/p><\/div><\/div>\t\t\t\t<\/div>\n\t\t\t\t<\/div>\n\t\t\t\t<div class=\"elementor-element elementor-element-56e1a8e elementor-align-center elementor-widget elementor-widget-button\" data-id=\"56e1a8e\" data-element_type=\"widget\" data-e-type=\"widget\" data-widget_type=\"button.default\">\n\t\t\t\t<div class=\"elementor-widget-container\">\n\t\t\t\t\t\t\t\t\t<div class=\"elementor-button-wrapper\">\n\t\t\t\t\t<a class=\"elementor-button elementor-button-link elementor-size-sm\" href=\"https:\/\/www.youtube.com\/live\/wy6PdseuAAc?si=09jCPHWlD2VUgTwA\">\n\t\t\t\t\t\t<span class=\"elementor-button-content-wrapper\">\n\t\t\t\t\t\t<span class=\"elementor-button-icon\">\n\t\t\t\t<svg aria-hidden=\"true\" class=\"e-font-icon-svg e-fas-person-booth\" viewBox=\"0 0 576 512\" xmlns=\"http:\/\/www.w3.org\/2000\/svg\"><path d=\"M192 496c0 8.8 7.2 16 16 16h32c8.8 0 16-7.2 16-16V320h-64v176zm32-272h-50.9l-45.2-45.3C115.8 166.6 99.7 160 82.7 160H64c-17.1 0-33.2 6.7-45.3 18.8C6.7 190.9 0 207 0 224.1L.2 320 0 480c0 17.7 14.3 32 31.9 32 17.6 0 32-14.3 32-32l.1-100.7c.9.5 1.6 1.3 2.5 1.7l29.1 43v56c0 17.7 14.3 32 32 32s32-14.3 32-32v-56.5c0-9.9-2.3-19.8-6.7-28.6l-41.2-61.3V253l20.9 20.9c9.1 9.1 21.1 14.1 33.9 14.1H224c17.7 0 32-14.3 32-32s-14.3-32-32-32zM64 128c26.5 0 48-21.5 48-48S90.5 32 64 32 16 53.5 16 80s21.5 48 48 48zm224-96l31.5 223.1-30.9 154.6c-4.3 21.6 13 38.3 31.4 38.3 15.2 0 28-9.1 32.3-30.4.9 16.9 14.6 30.4 31.7 30.4 17.7 0 32-14.3 32-32 0 17.7 14.3 32 32 32s32-14.3 32-32V0H288v32zm-96 0v160h64V0h-32c-17.7 0-32 14.3-32 32zM544 0h-32v496c0 8.8 7.2 16 16 16h32c8.8 0 16-7.2 16-16V32c0-17.7-14.3-32-32-32z\"><\/path><\/svg>\t\t\t<\/span>\n\t\t\t\t\t\t\t\t\t<span class=\"elementor-button-text\">IR AL ACTO<\/span>\n\t\t\t\t\t<\/span>\n\t\t\t\t\t<\/a>\n\t\t\t\t<\/div>\n\t\t\t\t\t\t\t\t<\/div>\n\t\t\t\t<\/div>\n\t\t\t\t<div class=\"elementor-element elementor-element-b599737 elementor-widget elementor-widget-text-editor\" data-id=\"b599737\" data-element_type=\"widget\" data-e-type=\"widget\" data-widget_type=\"text-editor.default\">\n\t\t\t\t<div class=\"elementor-widget-container\">\n\t\t\t\t\t\t\t\t\t<p style=\"text-align: center;\">\u00a1Los esperamos!<\/p>\t\t\t\t\t\t\t\t<\/div>\n\t\t\t\t<\/div>\n\t\t\t\t<\/div>\n\t\t\t\t\t<\/div>\n\t\t\t\t<\/div>\n\t\t\t\t<\/div>\n\t\t","protected":false},"excerpt":{"rendered":"<p>ATENCI\u00d3N ACTO DE CIERRE CAFQI XXIV El Comit\u00e9 Organizador del XXIV CAFQI los invita a participar del acto de cierre del Congreso. Para ello, deber\u00e1s ingresar al siguiente enlace: IR AL ACTO \u00a1Los esperamos!<\/p>\n","protected":false},"author":1,"featured_media":314,"parent":0,"menu_order":0,"comment_status":"closed","ping_status":"closed","template":"","meta":{"_acf_changed":false,"footnotes":""},"class_list":["post-3897","page","type-page","status-publish","has-post-thumbnail","hentry"],"acf":[],"_links":{"self":[{"href":"https:\/\/cafqi2025.uncoma.edu.ar\/index.php\/wp-json\/wp\/v2\/pages\/3897","targetHints":{"allow":["GET"]}}],"collection":[{"href":"https:\/\/cafqi2025.uncoma.edu.ar\/index.php\/wp-json\/wp\/v2\/pages"}],"about":[{"href":"https:\/\/cafqi2025.uncoma.edu.ar\/index.php\/wp-json\/wp\/v2\/types\/page"}],"author":[{"embeddable":true,"href":"https:\/\/cafqi2025.uncoma.edu.ar\/index.php\/wp-json\/wp\/v2\/users\/1"}],"replies":[{"embeddable":true,"href":"https:\/\/cafqi2025.uncoma.edu.ar\/index.php\/wp-json\/wp\/v2\/comments?post=3897"}],"version-history":[{"count":10,"href":"https:\/\/cafqi2025.uncoma.edu.ar\/index.php\/wp-json\/wp\/v2\/pages\/3897\/revisions"}],"predecessor-version":[{"id":3944,"href":"https:\/\/cafqi2025.uncoma.edu.ar\/index.php\/wp-json\/wp\/v2\/pages\/3897\/revisions\/3944"}],"wp:featuredmedia":[{"embeddable":true,"href":"https:\/\/cafqi2025.uncoma.edu.ar\/index.php\/wp-json\/wp\/v2\/media\/314"}],"wp:attachment":[{"href":"https:\/\/cafqi2025.uncoma.edu.ar\/index.php\/wp-json\/wp\/v2\/media?parent=3897"}],"curies":[{"name":"wp","href":"https:\/\/api.w.org\/{rel}","templated":true}]}}