{"id":2605,"date":"2025-03-27T12:37:49","date_gmt":"2025-03-27T15:37:49","guid":{"rendered":"https:\/\/cafqi2025.uncoma.edu.ar\/?page_id=2605"},"modified":"2025-03-28T14:17:20","modified_gmt":"2025-03-28T17:17:20","slug":"inscripcion-estudiantes-de-grado","status":"publish","type":"page","link":"https:\/\/cafqi2025.uncoma.edu.ar\/index.php\/inscripcion-estudiantes-de-grado\/","title":{"rendered":"Inscripci\u00f3n Estudiantes de Grado"},"content":{"rendered":"\t\t<div data-elementor-type=\"wp-page\" data-elementor-id=\"2605\" class=\"elementor elementor-2605\" data-elementor-post-type=\"page\">\n\t\t\t\t<div class=\"elementor-element elementor-element-6e8caa3 e-flex e-con-boxed e-con e-parent\" data-id=\"6e8caa3\" data-element_type=\"container\" data-e-type=\"container\">\n\t\t\t\t\t<div class=\"e-con-inner\">\n\t\t\t\t<div class=\"elementor-element elementor-element-08cd5df elementor-position-top elementor-widget elementor-widget-image-box\" data-id=\"08cd5df\" data-element_type=\"widget\" data-e-type=\"widget\" data-widget_type=\"image-box.default\">\n\t\t\t\t<div class=\"elementor-widget-container\">\n\t\t\t\t\t<div class=\"elementor-image-box-wrapper\"><figure class=\"elementor-image-box-img\"><img fetchpriority=\"high\" decoding=\"async\" width=\"4501\" height=\"2570\" src=\"https:\/\/cafqi2025.uncoma.edu.ar\/wp-content\/uploads\/2024\/04\/CAFQUI-Negro-normal.png\" class=\"attachment-full size-full wp-image-323\" alt=\"\" srcset=\"https:\/\/cafqi2025.uncoma.edu.ar\/wp-content\/uploads\/2024\/04\/CAFQUI-Negro-normal.png 4501w, https:\/\/cafqi2025.uncoma.edu.ar\/wp-content\/uploads\/2024\/04\/CAFQUI-Negro-normal-768x439.png 768w, https:\/\/cafqi2025.uncoma.edu.ar\/wp-content\/uploads\/2024\/04\/CAFQUI-Negro-normal-1536x877.png 1536w, https:\/\/cafqi2025.uncoma.edu.ar\/wp-content\/uploads\/2024\/04\/CAFQUI-Negro-normal-2048x1169.png 2048w\" sizes=\"(max-width: 4501px) 100vw, 4501px\" \/><\/figure><div class=\"elementor-image-box-content\"><h3 class=\"elementor-image-box-title\">Inscripci\u00f3n para Estudiantes de Grado<\/h3><p class=\"elementor-image-box-description\"><br><\/p><\/div><\/div>\t\t\t\t<\/div>\n\t\t\t\t<\/div>\n\t\t\t\t\t<\/div>\n\t\t\t\t<\/div>\n\t\t<div class=\"elementor-element elementor-element-4c7b386 e-flex e-con-boxed e-con e-parent\" data-id=\"4c7b386\" data-element_type=\"container\" data-e-type=\"container\">\n\t\t\t\t\t<div class=\"e-con-inner\">\n\t\t\t\t<div class=\"elementor-element elementor-element-1b465b9 elementor-widget elementor-widget-text-editor\" data-id=\"1b465b9\" data-element_type=\"widget\" data-e-type=\"widget\" data-widget_type=\"text-editor.default\">\n\t\t\t\t<div class=\"elementor-widget-container\">\n\t\t\t\t\t\t\t\t\t<p>Los estudiantes de grado interesados en participar en el congreso deber\u00e1n inscribirse en el siguiente formulario.<\/p><p>Los links de las actividades del congreso ser\u00e1n enviados al correo electr\u00f3nico informado.<\/p>\t\t\t\t\t\t\t\t<\/div>\n\t\t\t\t<\/div>\n\t\t\t\t<div class=\"elementor-element elementor-element-fff8a06 elementor-widget elementor-widget-formidable\" data-id=\"fff8a06\" data-element_type=\"widget\" data-e-type=\"widget\" data-widget_type=\"formidable.default\">\n\t\t\t\t<div class=\"elementor-widget-container\">\n\t\t\t\t\t<p>Este formulario est\u00e1 cerrado y no recibe env\u00edos.<\/p>\t\t\t\t<\/div>\n\t\t\t\t<\/div>\n\t\t\t\t\t<\/div>\n\t\t\t\t<\/div>\n\t\t<div class=\"elementor-element elementor-element-6b6e916 e-flex e-con-boxed e-con e-parent\" data-id=\"6b6e916\" data-element_type=\"container\" data-e-type=\"container\">\n\t\t\t\t\t<div class=\"e-con-inner\">\n\t\t\t\t\t<\/div>\n\t\t\t\t<\/div>\n\t\t\t\t<\/div>\n\t\t","protected":false},"excerpt":{"rendered":"<p>Inscripci\u00f3n para Estudiantes de Grado Los estudiantes de grado interesados en participar en el congreso deber\u00e1n inscribirse en el siguiente formulario. Los links de las actividades del congreso ser\u00e1n enviados al correo electr\u00f3nico informado. Inscripci\u00f3n estudiantes de grado Apellido * Nombre * N\u00famero de documento (DNI) * Correo electr\u00f3nico * Carrera de grado inscripto * [&hellip;]<\/p>\n","protected":false},"author":1,"featured_media":314,"parent":0,"menu_order":0,"comment_status":"closed","ping_status":"closed","template":"","meta":{"_acf_changed":false,"footnotes":""},"class_list":["post-2605","page","type-page","status-publish","has-post-thumbnail","hentry"],"acf":[],"_links":{"self":[{"href":"https:\/\/cafqi2025.uncoma.edu.ar\/index.php\/wp-json\/wp\/v2\/pages\/2605","targetHints":{"allow":["GET"]}}],"collection":[{"href":"https:\/\/cafqi2025.uncoma.edu.ar\/index.php\/wp-json\/wp\/v2\/pages"}],"about":[{"href":"https:\/\/cafqi2025.uncoma.edu.ar\/index.php\/wp-json\/wp\/v2\/types\/page"}],"author":[{"embeddable":true,"href":"https:\/\/cafqi2025.uncoma.edu.ar\/index.php\/wp-json\/wp\/v2\/users\/1"}],"replies":[{"embeddable":true,"href":"https:\/\/cafqi2025.uncoma.edu.ar\/index.php\/wp-json\/wp\/v2\/comments?post=2605"}],"version-history":[{"count":11,"href":"https:\/\/cafqi2025.uncoma.edu.ar\/index.php\/wp-json\/wp\/v2\/pages\/2605\/revisions"}],"predecessor-version":[{"id":2638,"href":"https:\/\/cafqi2025.uncoma.edu.ar\/index.php\/wp-json\/wp\/v2\/pages\/2605\/revisions\/2638"}],"wp:featuredmedia":[{"embeddable":true,"href":"https:\/\/cafqi2025.uncoma.edu.ar\/index.php\/wp-json\/wp\/v2\/media\/314"}],"wp:attachment":[{"href":"https:\/\/cafqi2025.uncoma.edu.ar\/index.php\/wp-json\/wp\/v2\/media?parent=2605"}],"curies":[{"name":"wp","href":"https:\/\/api.w.org\/{rel}","templated":true}]}}