{"id":2561,"date":"2025-03-26T13:46:32","date_gmt":"2025-03-26T16:46:32","guid":{"rendered":"https:\/\/cafqi2025.uncoma.edu.ar\/?page_id=2561"},"modified":"2025-04-09T11:37:00","modified_gmt":"2025-04-09T14:37:00","slug":"presentacion-de-trabajos","status":"publish","type":"page","link":"https:\/\/cafqi2025.uncoma.edu.ar\/index.php\/presentacion-de-trabajos\/","title":{"rendered":"Presentaci\u00f3n de trabajos"},"content":{"rendered":"\t\t<div data-elementor-type=\"wp-page\" data-elementor-id=\"2561\" class=\"elementor elementor-2561\" data-elementor-post-type=\"page\">\n\t\t\t\t<div class=\"elementor-element elementor-element-6e8caa3 e-flex e-con-boxed e-con e-parent\" data-id=\"6e8caa3\" data-element_type=\"container\" data-e-type=\"container\">\n\t\t\t\t\t<div class=\"e-con-inner\">\n\t\t<div class=\"elementor-element elementor-element-f10a328 e-con-full e-flex e-con e-child\" data-id=\"f10a328\" data-element_type=\"container\" data-e-type=\"container\">\n\t\t<div class=\"elementor-element elementor-element-66209ea e-con-full e-flex e-con e-child\" data-id=\"66209ea\" data-element_type=\"container\" data-e-type=\"container\">\n\t\t\t\t<div class=\"elementor-element elementor-element-08cd5df elementor-position-top elementor-widget elementor-widget-image-box\" data-id=\"08cd5df\" data-element_type=\"widget\" data-e-type=\"widget\" data-widget_type=\"image-box.default\">\n\t\t\t\t<div class=\"elementor-widget-container\">\n\t\t\t\t\t<div class=\"elementor-image-box-wrapper\"><figure class=\"elementor-image-box-img\"><img fetchpriority=\"high\" decoding=\"async\" width=\"4501\" height=\"2570\" src=\"https:\/\/cafqi2025.uncoma.edu.ar\/wp-content\/uploads\/2024\/04\/CAFQUI-Negro-normal.png\" class=\"attachment-full size-full wp-image-323\" alt=\"\" srcset=\"https:\/\/cafqi2025.uncoma.edu.ar\/wp-content\/uploads\/2024\/04\/CAFQUI-Negro-normal.png 4501w, https:\/\/cafqi2025.uncoma.edu.ar\/wp-content\/uploads\/2024\/04\/CAFQUI-Negro-normal-768x439.png 768w, https:\/\/cafqi2025.uncoma.edu.ar\/wp-content\/uploads\/2024\/04\/CAFQUI-Negro-normal-1536x877.png 1536w, https:\/\/cafqi2025.uncoma.edu.ar\/wp-content\/uploads\/2024\/04\/CAFQUI-Negro-normal-2048x1169.png 2048w\" sizes=\"(max-width: 4501px) 100vw, 4501px\" \/><\/figure><div class=\"elementor-image-box-content\"><h3 class=\"elementor-image-box-title\">Instructivos para presentaciones<\/h3><p class=\"elementor-image-box-description\"><br><\/p><\/div><\/div>\t\t\t\t<\/div>\n\t\t\t\t<\/div>\n\t\t\t\t<\/div>\n\t\t\t\t<\/div>\n\t\t\t\t\t<\/div>\n\t\t\t\t<\/div>\n\t\t<div class=\"elementor-element elementor-element-6b6e916 e-flex e-con-boxed e-con e-parent\" data-id=\"6b6e916\" data-element_type=\"container\" data-e-type=\"container\">\n\t\t\t\t\t<div class=\"e-con-inner\">\n\t\t<div class=\"elementor-element elementor-element-334afac e-con-full e-flex e-con e-child\" data-id=\"334afac\" data-element_type=\"container\" data-e-type=\"container\" data-settings=\"{&quot;background_background&quot;:&quot;classic&quot;}\">\n\t\t\t\t<div class=\"elementor-element elementor-element-b9efc34 elementor-view-default elementor-position-block-start elementor-mobile-position-block-start elementor-widget elementor-widget-icon-box\" data-id=\"b9efc34\" data-element_type=\"widget\" data-e-type=\"widget\" data-widget_type=\"icon-box.default\">\n\t\t\t\t<div class=\"elementor-widget-container\">\n\t\t\t\t\t\t\t<div class=\"elementor-icon-box-wrapper\">\n\n\t\t\t\t\t\t<div class=\"elementor-icon-box-icon\">\n\t\t\t\t<span  class=\"elementor-icon\">\n\t\t\t\t<svg aria-hidden=\"true\" class=\"e-font-icon-svg e-fas-calendar-alt\" viewBox=\"0 0 448 512\" xmlns=\"http:\/\/www.w3.org\/2000\/svg\"><path d=\"M0 464c0 26.5 21.5 48 48 48h352c26.5 0 48-21.5 48-48V192H0v272zm320-196c0-6.6 5.4-12 12-12h40c6.6 0 12 5.4 12 12v40c0 6.6-5.4 12-12 12h-40c-6.6 0-12-5.4-12-12v-40zm0 128c0-6.6 5.4-12 12-12h40c6.6 0 12 5.4 12 12v40c0 6.6-5.4 12-12 12h-40c-6.6 0-12-5.4-12-12v-40zM192 268c0-6.6 5.4-12 12-12h40c6.6 0 12 5.4 12 12v40c0 6.6-5.4 12-12 12h-40c-6.6 0-12-5.4-12-12v-40zm0 128c0-6.6 5.4-12 12-12h40c6.6 0 12 5.4 12 12v40c0 6.6-5.4 12-12 12h-40c-6.6 0-12-5.4-12-12v-40zM64 268c0-6.6 5.4-12 12-12h40c6.6 0 12 5.4 12 12v40c0 6.6-5.4 12-12 12H76c-6.6 0-12-5.4-12-12v-40zm0 128c0-6.6 5.4-12 12-12h40c6.6 0 12 5.4 12 12v40c0 6.6-5.4 12-12 12H76c-6.6 0-12-5.4-12-12v-40zM400 64h-48V16c0-8.8-7.2-16-16-16h-32c-8.8 0-16 7.2-16 16v48H160V16c0-8.8-7.2-16-16-16h-32c-8.8 0-16 7.2-16 16v48H48C21.5 64 0 85.5 0 112v48h448v-48c0-26.5-21.5-48-48-48z\"><\/path><\/svg>\t\t\t\t<\/span>\n\t\t\t<\/div>\n\t\t\t\n\t\t\t\t\t\t<div class=\"elementor-icon-box-content\">\n\n\t\t\t\t\t\t\t\t\t<h3 class=\"elementor-icon-box-title\">\n\t\t\t\t\t\t<span  >\n\t\t\t\t\t\t\tImportante\t\t\t\t\t\t<\/span>\n\t\t\t\t\t<\/h3>\n\t\t\t\t\n\t\t\t\t\t\t\t\t\t<p class=\"elementor-icon-box-description\">\n\t\t\t\t\t\tEl <b>1 de Abril <\/b> se les enviar\u00e1 una notificaci\u00f3n personal a los seleccionados para la Modalidad de Presentaci\u00f3n Oral, por favor confirme la recepci\u00f3n del correo. <br><br>\n\nSI Ud. no ha recibido dicha notificaci\u00f3n es porque su presentaci\u00f3n es con la modalidad P\u00f3ster flash.\t\t\t\t\t<\/p>\n\t\t\t\t\n\t\t\t<\/div>\n\t\t\t\n\t\t<\/div>\n\t\t\t\t\t\t<\/div>\n\t\t\t\t<\/div>\n\t\t\t\t<\/div>\n\t\t\t\t<div class=\"elementor-element elementor-element-3fe0508 elementor-widget elementor-widget-heading\" data-id=\"3fe0508\" data-element_type=\"widget\" data-e-type=\"widget\" data-widget_type=\"heading.default\">\n\t\t\t\t<div class=\"elementor-widget-container\">\n\t\t\t\t\t<h4 class=\"elementor-heading-title elementor-size-default\">MODO P\u00d3STER ORALES<\/b><\/h4>\t\t\t\t<\/div>\n\t\t\t\t<\/div>\n\t\t\t\t<div class=\"elementor-element elementor-element-f915e15 elementor-widget elementor-widget-text-editor\" data-id=\"f915e15\" data-element_type=\"widget\" data-e-type=\"widget\" data-widget_type=\"text-editor.default\">\n\t\t\t\t<div class=\"elementor-widget-container\">\n\t\t\t\t\t\t\t\t\t<p><span style=\"font-weight: 400;\">Consistir\u00e1 de una presentaci\u00f3n oral de 15 minutos y contar\u00e1n con 5 minutos adicionales para preguntas. Deber\u00e1n estar conectados 10 minutos antes de la sesi\u00f3n que le corresponda para controlar la conexi\u00f3n.<\/span><\/p>\t\t\t\t\t\t\t\t<\/div>\n\t\t\t\t<\/div>\n\t\t\t\t\t<\/div>\n\t\t\t\t<\/div>\n\t\t<div class=\"elementor-element elementor-element-4c7b386 e-flex e-con-boxed e-con e-parent\" data-id=\"4c7b386\" data-element_type=\"container\" data-e-type=\"container\">\n\t\t\t\t\t<div class=\"e-con-inner\">\n\t\t\t\t<div class=\"elementor-element elementor-element-4625768 elementor-widget elementor-widget-heading\" data-id=\"4625768\" data-element_type=\"widget\" data-e-type=\"widget\" data-widget_type=\"heading.default\">\n\t\t\t\t<div class=\"elementor-widget-container\">\n\t\t\t\t\t<h4 class=\"elementor-heading-title elementor-size-default\">MODO P\u00d3STER FLASH<\/b><\/h4>\t\t\t\t<\/div>\n\t\t\t\t<\/div>\n\t\t\t\t<div class=\"elementor-element elementor-element-1b465b9 elementor-widget elementor-widget-text-editor\" data-id=\"1b465b9\" data-element_type=\"widget\" data-e-type=\"widget\" data-widget_type=\"text-editor.default\">\n\t\t\t\t<div class=\"elementor-widget-container\">\n\t\t\t\t\t\t\t\t\t<p><span style=\"font-weight: 400;\">El\/la autor\/a deber\u00e1 presentar un <\/span><b>video y un p\u00f3ster que deber\u00e1n ser enviados juntos <\/b><span style=\"font-weight: 400;\">indicando <\/span><span style=\"font-weight: 400;\">c\u00f3digo<\/span><span style=\"font-weight: 400;\"> asignado en la plataforma de env\u00edo de res\u00famenes y nombre del primer autor y \u00e1rea del trabajo (ejemplo: 6112_Fernandez_B). <\/span><\/p><p><span style=\"font-weight: 400;\">Las instrucciones para cada uno de ellos son las siguientes:<\/span><\/p>\t\t\t\t\t\t\t\t<\/div>\n\t\t\t\t<\/div>\n\t\t<div class=\"elementor-element elementor-element-998ba4b e-con-full e-flex e-con e-child\" data-id=\"998ba4b\" data-element_type=\"container\" data-e-type=\"container\">\n\t\t\t\t<div class=\"elementor-element elementor-element-d397ef1 elementor-widget elementor-widget-heading\" data-id=\"d397ef1\" data-element_type=\"widget\" data-e-type=\"widget\" data-widget_type=\"heading.default\">\n\t\t\t\t<div class=\"elementor-widget-container\">\n\t\t\t\t\t<h4 class=\"elementor-heading-title elementor-size-default\">1. Instructivo para el video:\n<\/h4>\t\t\t\t<\/div>\n\t\t\t\t<\/div>\n\t\t\t\t<div class=\"elementor-element elementor-element-2db63fc elementor-widget elementor-widget-text-editor\" data-id=\"2db63fc\" data-element_type=\"widget\" data-e-type=\"widget\" data-widget_type=\"text-editor.default\">\n\t\t\t\t<div class=\"elementor-widget-container\">\n\t\t\t\t\t\t\t\t\t<p><span style=\"font-weight: 400;\">El video debe ser una presentaci\u00f3n breve y concisa del trabajo que no debe durar m\u00e1s de <\/span><b>1 minuto<\/b><span style=\"font-weight: 400;\">. <\/span><\/p><p><span style=\"font-weight: 400;\">Para el dise\u00f1o utilizar la \u201c<\/span><a href=\"https:\/\/cafqi2025.uncoma.edu.ar\/wp-content\/uploads\/2025\/03\/Plantilla-poster-flash-CAFQI2025.pptx\" target=\"_blank\" rel=\"noopener\"><span style=\"font-weight: 400;\">pantillaposterflash<\/span><\/a><span style=\"font-weight: 400;\">\u201d. Sugerimos que empiece con una presentaci\u00f3n indicando nombre del trabajo que va a presentar, el nombre del autor\/a y mencione los puntos m\u00e1s destacables del trabajo realizado.<\/span><\/p><p><span style=\"font-weight: 400;\">El\/la autor\/a deber\u00e1 subir el video a la plataforma de YouTube y adjuntar el link del mismo en el <\/span><b>Formulario para la presentaci\u00f3n<\/b><span style=\"font-weight: 400;\"> que aparece a continuaci\u00f3n, <\/span><span style=\"font-weight: 400;\">indicando c\u00f3digo y nombre del trabajo junto con el poster en formato pdf.\u00a0 Como modo de ejemplo de creaci\u00f3n del p\u00f3ster flash consultar el siguiente video explicativo: <a href=\"https:\/\/www.youtube.com\/watch?v=oW4GfdrGEqI\" target=\"_blank\" rel=\"noopener\"><strong>ver enlace<\/strong><\/a><\/span><a href=\"_wp_link_placeholder\"><b>.<\/b><\/a><b><\/b><\/p>\t\t\t\t\t\t\t\t<\/div>\n\t\t\t\t<\/div>\n\t\t\t\t<div class=\"elementor-element elementor-element-00fed8f elementor-widget elementor-widget-heading\" data-id=\"00fed8f\" data-element_type=\"widget\" data-e-type=\"widget\" data-widget_type=\"heading.default\">\n\t\t\t\t<div class=\"elementor-widget-container\">\n\t\t\t\t\t<h4 class=\"elementor-heading-title elementor-size-default\">2. Instructivo para el p\u00f3ster<\/h4>\t\t\t\t<\/div>\n\t\t\t\t<\/div>\n\t\t\t\t<div class=\"elementor-element elementor-element-a26d18b elementor-widget elementor-widget-text-editor\" data-id=\"a26d18b\" data-element_type=\"widget\" data-e-type=\"widget\" data-widget_type=\"text-editor.default\">\n\t\t\t\t<div class=\"elementor-widget-container\">\n\t\t\t\t\t\t\t\t\t<p><span style=\"font-weight: 400;\">El p\u00f3ster deber\u00e1 realizarse siguiendo la siguiente plantilla \u201c<\/span><a href=\"https:\/\/cafqi2025.uncoma.edu.ar\/wp-content\/uploads\/2025\/03\/Plantilla-poster-CAFQI2025.pptx\" target=\"_blank\" rel=\"noopener\"><span style=\"font-weight: 400;\">plantillaposter<\/span><\/a><span style=\"font-weight: 400;\">\u201d. <\/span><\/p><p><span style=\"font-weight: 400;\">El p\u00f3ster deber\u00e1 ser enviado en formato pdf indicando <\/span><span style=\"font-weight: 400;\">c\u00f3digo<\/span><span style=\"font-weight: 400;\"> asignado en la plataforma de env\u00edo de res\u00famenes y nombre del primer autor y \u00e1rea del trabajo (ejemplo: 6112_Fernandez_B) junto con el el link del video en el Formulario de Presentaci\u00f3n que aparece a continuaci\u00f3n:<\/span><\/p>\t\t\t\t\t\t\t\t<\/div>\n\t\t\t\t<\/div>\n\t\t\t\t<div class=\"elementor-element elementor-element-84b6b61 elementor-widget elementor-widget-text-editor\" data-id=\"84b6b61\" data-element_type=\"widget\" data-e-type=\"widget\" data-widget_type=\"text-editor.default\">\n\t\t\t\t<div class=\"elementor-widget-container\">\n\t\t\t\t\t\t\t\t\t<p><b>El link del video y el p\u00f3ster se encontrar\u00e1n disponibles en el sitio web durante todos los d\u00edas que se desarrolle el congreso.<\/b><\/p><p><b>Se podr\u00e1n visualizar los videos en el canal de youtube del congreso: <a href=\"https:\/\/www.youtube.com\/@CAFQI2025\" target=\"_blank\" rel=\"noopener\">@CAFQI2025<\/a>.<\/b><\/p>\t\t\t\t\t\t\t\t<\/div>\n\t\t\t\t<\/div>\n\t\t\t\t<div class=\"elementor-element elementor-element-0a0cb25 elementor-widget elementor-widget-text-editor\" data-id=\"0a0cb25\" data-element_type=\"widget\" data-e-type=\"widget\" data-widget_type=\"text-editor.default\">\n\t\t\t\t<div class=\"elementor-widget-container\">\n\t\t\t\t\t\t\t\t\t<p><b>Se recibir\u00e1n los links P\u00f3ster Flash<\/b><b> y los Posters en pdf hasta el d\u00eda 14 de abril.<\/b><\/p>\t\t\t\t\t\t\t\t<\/div>\n\t\t\t\t<\/div>\n\t\t\t\t<div class=\"elementor-element elementor-element-09f2741 elementor-widget elementor-widget-heading\" data-id=\"09f2741\" data-element_type=\"widget\" data-e-type=\"widget\" data-widget_type=\"heading.default\">\n\t\t\t\t<div class=\"elementor-widget-container\">\n\t\t\t\t\t<h4 class=\"elementor-heading-title elementor-size-default\">3. Formulario para la Presentaci\u00f3n<\/h4>\t\t\t\t<\/div>\n\t\t\t\t<\/div>\n\t\t\t\t<div class=\"elementor-element elementor-element-fff8a06 elementor-widget elementor-widget-formidable\" data-id=\"fff8a06\" data-element_type=\"widget\" data-e-type=\"widget\" data-widget_type=\"formidable.default\">\n\t\t\t\t<div class=\"elementor-widget-container\">\n\t\t\t\t\t<p>Este formulario est\u00e1 cerrado y no recibe env\u00edos.<\/p>\t\t\t\t<\/div>\n\t\t\t\t<\/div>\n\t\t\t\t<\/div>\n\t\t\t\t\t<\/div>\n\t\t\t\t<\/div>\n\t\t\t\t<\/div>\n\t\t","protected":false},"excerpt":{"rendered":"<p>Instructivos para presentaciones Importante El 1 de Abril se les enviar\u00e1 una notificaci\u00f3n personal a los seleccionados para la Modalidad de Presentaci\u00f3n Oral, por favor confirme la recepci\u00f3n del correo. SI Ud. no ha recibido dicha notificaci\u00f3n es porque su presentaci\u00f3n es con la modalidad P\u00f3ster flash. MODO P\u00d3STER ORALES Consistir\u00e1 de una presentaci\u00f3n oral [&hellip;]<\/p>\n","protected":false},"author":1,"featured_media":314,"parent":0,"menu_order":0,"comment_status":"closed","ping_status":"closed","template":"","meta":{"_acf_changed":false,"footnotes":""},"class_list":["post-2561","page","type-page","status-publish","has-post-thumbnail","hentry"],"acf":[],"_links":{"self":[{"href":"https:\/\/cafqi2025.uncoma.edu.ar\/index.php\/wp-json\/wp\/v2\/pages\/2561","targetHints":{"allow":["GET"]}}],"collection":[{"href":"https:\/\/cafqi2025.uncoma.edu.ar\/index.php\/wp-json\/wp\/v2\/pages"}],"about":[{"href":"https:\/\/cafqi2025.uncoma.edu.ar\/index.php\/wp-json\/wp\/v2\/types\/page"}],"author":[{"embeddable":true,"href":"https:\/\/cafqi2025.uncoma.edu.ar\/index.php\/wp-json\/wp\/v2\/users\/1"}],"replies":[{"embeddable":true,"href":"https:\/\/cafqi2025.uncoma.edu.ar\/index.php\/wp-json\/wp\/v2\/comments?post=2561"}],"version-history":[{"count":69,"href":"https:\/\/cafqi2025.uncoma.edu.ar\/index.php\/wp-json\/wp\/v2\/pages\/2561\/revisions"}],"predecessor-version":[{"id":2760,"href":"https:\/\/cafqi2025.uncoma.edu.ar\/index.php\/wp-json\/wp\/v2\/pages\/2561\/revisions\/2760"}],"wp:featuredmedia":[{"embeddable":true,"href":"https:\/\/cafqi2025.uncoma.edu.ar\/index.php\/wp-json\/wp\/v2\/media\/314"}],"wp:attachment":[{"href":"https:\/\/cafqi2025.uncoma.edu.ar\/index.php\/wp-json\/wp\/v2\/media?parent=2561"}],"curies":[{"name":"wp","href":"https:\/\/api.w.org\/{rel}","templated":true}]}}